{"id":97,"date":"2024-12-09T20:37:32","date_gmt":"2024-12-09T19:37:32","guid":{"rendered":"https:\/\/foruminterafriquefamilybusiness-fiagef.com\/?page_id=97"},"modified":"2025-02-22T20:24:55","modified_gmt":"2025-02-22T19:24:55","slug":"contacts","status":"publish","type":"page","link":"https:\/\/foruminterafriquefamilybusiness-fiagef.com\/en\/contacts\/","title":{"rendered":"\/contacts"},"content":{"rendered":"<p>Contacts FIAGEFLe\u00a0<strong>African Forum of Family Business and Wealth Management (FIAGEF)<\/strong>, organized by\u00a0<strong>GABRIEL WEALTH MANAGEMENT (GWEM)<\/strong>, is the first annual event in French-speaking Africa dedicated to family businesses and wealth management. The AFBW aims to build a solid ecosystem bringing together entrepreneurs, wealthy families, asset managers, family offices, financial and non-financial players, as well as governments. Its aim is to provide practical solutions for preserving wealth, ensuring the long-term future of businesses and promoting innovation, intergenerational transfer and sustainable economic development. Conceived as a response to the challenges of generational transition and the lack of support for African entrepreneurs, AFBW aims to strengthen the prosperity of assets and businesses, thereby contributing to the sustainable development of Africa. Under the slogan\u00a0<strong>\u00abBuilding today, preserving tomorrow\u00bb<\/strong>, ce forum se positionne comme une plateforme unique de r\u00e9flexion et d\u2019action pour r\u00e9pondre aux probl\u00e9matiques majeures des chefs d\u2019entreprise et acteurs du secteur priv\u00e9.Le\u00a0<strong>African Forum of Family Business and Wealth Management (FIAGEF)<\/strong>, organized by\u00a0<strong>GABRIEL WEALTH MANAGEMENT (GWEM)<\/strong>, is the first annual event in French-speaking Africa dedicated to family businesses and wealth management. The AFBW aims to build a solid ecosystem bringing together entrepreneurs, wealthy families, asset managers, family offices, financial and non-financial players, as well as governments. Its aim is to provide practical solutions for preserving wealth, ensuring the long-term future of businesses and promoting innovation, intergenerational transfer and sustainable economic development. Conceived as a response to the challenges of generational transition and the lack of support for African entrepreneurs, AFBW aims to strengthen the prosperity of assets and businesses, thereby contributing to the sustainable development of Africa. Under the slogan\u00a0<strong>\u00abBuilding today, preserving tomorrow\u00bb<\/strong>, ce forum se positionne comme une plateforme unique de r\u00e9flexion et d\u2019action pour r\u00e9pondre aux probl\u00e9matiques majeures des chefs d\u2019entreprise et acteurs du secteur priv\u00e9.Le\u00a0<strong>African Forum of Family Business and Wealth Management (FIAGEF)<\/strong>, organized by\u00a0<strong>GABRIEL WEALTH MANAGEMENT (GWEM)<\/strong>, is the first annual event in French-speaking Africa dedicated to family businesses and wealth management. The AFBW aims to build a solid ecosystem bringing together entrepreneurs, wealthy families, asset managers, family offices, financial and non-financial players, as well as governments. Its aim is to provide practical solutions for preserving wealth, ensuring the long-term future of businesses and promoting innovation, intergenerational transfer and sustainable economic development. Conceived as a response to the challenges of generational transition and the lack of support for African entrepreneurs, AFBW aims to strengthen the prosperity of assets and businesses, thereby contributing to the sustainable development of Africa. Under the slogan\u00a0<strong>\u00abBuilding today, preserving tomorrow\u00bb<\/strong>, ce forum se positionne comme une plateforme unique de r\u00e9flexion et d\u2019action pour r\u00e9pondre aux probl\u00e9matiques majeures des chefs d\u2019entreprise et acteurs du secteur priv\u00e9.Le\u00a0<strong>African Forum of Family Business and Wealth Management (FIAGEF)<\/strong>, organized by\u00a0<strong>GABRIEL WEALTH MANAGEMENT (GWEM)<\/strong>, est le premier \u00e9v\u00e9nement annuel en Afrique francophone d\u00e9di\u00e9 aux entreprises familiales et \u00e0 la gestion de patrimoine.Contacts FIAGEF Le FIAGEF vise \u00e0 b\u00e2tir un \u00e9cosyst\u00e8me solide regroupant entrepreneurs, familles fortun\u00e9es, gestionnaires de fortune, family offices, acteurs financiers et , ainsi que gouvernants. Son objectif est d\u2019apporter des solutions es entreprises et promouvoir l\u2019innovation, la transmission interg\u00e9n\u00e9rationnelle et un d\u00e9veompagnement des entrepreneurs africains, le FIAGEF ambitionne de renforcer la prosp\u00e9rit\u00e9 des patrimoines et des entreprises, contribuant ainsi au d\u00e9veloppement p\u00e9renne de l\u2019Afrique. Avec pour slogan\u00a0<strong>\u00abBuilding today, preserving tomorrow\u00bb<\/strong>, this forum is positioned as a unique platform to respond to the major issues of business leaders and players in the Africa private sector.<\/p>\n\n\n\n<h2 class=\"wp-block-heading\">Contacts FIAGEF<\/h2>\n\n\n\n<figure class=\"wp-block-image size-large\"><img decoding=\"async\" src=\"https:\/\/foruminterafriquefamilybusiness-fiagef.com\/wp-content\/uploads\/2024\/12\/LOGO-FIAGEF-2-1024x522.webp\" alt=\"\" class=\"wp-image-200\"\/><\/figure>\n\n\n\n<p>bonjou<a href=\"https:\/\/foruminterafriquefamilybusiness-fiagef.com\/en\/contacts\/\" data-type=\"page\" data-id=\"97\">\/contacts<\/a><br><a href=\"http:\/\/google.com\" data-type=\"link\" data-id=\"google.com\" target=\"_blank\" rel=\"noopener\">hey<\/a><\/p>\n\n\n\n<p><\/p>","protected":false},"excerpt":{"rendered":"<p>Contacts FIAGEFLe\u00a0Forum Inter-Afrique du Family Business, de la Gestion de Fortune et du Patrimoine (FIAGEF), organis\u00e9 par\u00a0GABRIEL WEALTH MANAGEMENT (GWEM), est le premier \u00e9v\u00e9nement annuel en Afrique francophone d\u00e9di\u00e9 aux entreprises familiales et \u00e0 la gestion de patrimoine. Le FIAGEF vise \u00e0 b\u00e2tir un \u00e9cosyst\u00e8me solide regroupant entrepreneurs, familles fortun\u00e9es, gestionnaires de fortune, family offices, [&hellip;]<\/p>\n","protected":false},"author":1,"featured_media":0,"parent":0,"menu_order":0,"comment_status":"closed","ping_status":"closed","template":"contacts","meta":{"footnotes":""},"class_list":["post-97","page","type-page","status-publish","hentry"],"featured_image_src":null,"jetpack_sharing_enabled":true,"_links":{"self":[{"href":"https:\/\/foruminterafriquefamilybusiness-fiagef.com\/en\/wp-json\/wp\/v2\/pages\/97","targetHints":{"allow":["GET"]}}],"collection":[{"href":"https:\/\/foruminterafriquefamilybusiness-fiagef.com\/en\/wp-json\/wp\/v2\/pages"}],"about":[{"href":"https:\/\/foruminterafriquefamilybusiness-fiagef.com\/en\/wp-json\/wp\/v2\/types\/page"}],"author":[{"embeddable":true,"href":"https:\/\/foruminterafriquefamilybusiness-fiagef.com\/en\/wp-json\/wp\/v2\/users\/1"}],"replies":[{"embeddable":true,"href":"https:\/\/foruminterafriquefamilybusiness-fiagef.com\/en\/wp-json\/wp\/v2\/comments?post=97"}],"version-history":[{"count":5,"href":"https:\/\/foruminterafriquefamilybusiness-fiagef.com\/en\/wp-json\/wp\/v2\/pages\/97\/revisions"}],"predecessor-version":[{"id":377,"href":"https:\/\/foruminterafriquefamilybusiness-fiagef.com\/en\/wp-json\/wp\/v2\/pages\/97\/revisions\/377"}],"wp:attachment":[{"href":"https:\/\/foruminterafriquefamilybusiness-fiagef.com\/en\/wp-json\/wp\/v2\/media?parent=97"}],"curies":[{"name":"wp","href":"https:\/\/api.w.org\/{rel}","templated":true}]}}