{"id":3,"date":"2023-11-08T16:25:17","date_gmt":"2023-11-08T15:25:17","guid":{"rendered":"https:\/\/foruminterafriquefamilybusiness-fiagef.com\/?page_id=3"},"modified":"2025-02-20T11:04:47","modified_gmt":"2025-02-20T10:04:47","slug":"politique-de-confidentialite","status":"publish","type":"page","link":"https:\/\/foruminterafriquefamilybusiness-fiagef.com\/en\/politique-de-confidentialite\/","title":{"rendered":"Politique de confidentialit\u00e9"},"content":{"rendered":"<h2 class=\"wp-block-heading\">Qui sommes-nous&nbsp;?<\/h2>\n\n\n\n<p><strong class=\"privacy-policy-tutorial\">Texte sugg\u00e9r\u00e9&nbsp;: <\/strong>L\u2019adresse de notre site est&nbsp;: https:\/\/foruminterafriquefamilybusiness-fiagef.com.<\/p>\n\n\n\n<h2 class=\"wp-block-heading\">Commentaires<\/h2>\n\n\n\n<p><strong class=\"privacy-policy-tutorial\">Texte sugg\u00e9r\u00e9&nbsp;: <\/strong>Quand vous laissez un commentaire sur notre site, les donn\u00e9es inscrites dans le formulaire de commentaire, ainsi que votre adresse IP et l\u2019agent utilisateur de votre navigateur sont collect\u00e9s pour nous aider \u00e0 la d\u00e9tection des commentaires ind\u00e9sirables.<\/p>\n\n\n\n<p>Une cha\u00eene anonymis\u00e9e cr\u00e9\u00e9e \u00e0 partir de votre adresse e-mail (\u00e9galement appel\u00e9e hash) peut \u00eatre envoy\u00e9e au service Gravatar pour v\u00e9rifier si vous utilisez ce dernier. Les clauses de confidentialit\u00e9 du service Gravatar sont disponibles ici&nbsp;: https:\/\/automattic.com\/privacy\/. Apr\u00e8s validation de votre commentaire, votre photo de profil sera visible publiquement \u00e0 cot\u00e9 de votre commentaire.<\/p>\n\n\n\n<h2 class=\"wp-block-heading\">M\u00e9dias<\/h2>\n\n\n\n<p><strong class=\"privacy-policy-tutorial\">Texte sugg\u00e9r\u00e9&nbsp;: <\/strong>Si vous t\u00e9l\u00e9versez des images sur le site, nous vous conseillons d\u2019\u00e9viter de t\u00e9l\u00e9verser des images contenant des donn\u00e9es EXIF de coordonn\u00e9es GPS. Les personnes visitant votre site peuvent t\u00e9l\u00e9charger et extraire des donn\u00e9es de localisation depuis ces images.<\/p>\n\n\n\n<h2 class=\"wp-block-heading\">Cookies<\/h2>\n\n\n\n<p><strong class=\"privacy-policy-tutorial\">Texte sugg\u00e9r\u00e9&nbsp;: <\/strong>Si vous d\u00e9posez un commentaire sur notre site, il vous sera propos\u00e9 d\u2019enregistrer votre nom, adresse e-mail et site dans des cookies. C\u2019est uniquement pour votre confort afin de ne pas avoir \u00e0 saisir ces informations si vous d\u00e9posez un autre commentaire plus tard. Ces cookies expirent au bout d\u2019un an.<\/p>\n\n\n\n<p>Si vous vous rendez sur la page de connexion, un cookie temporaire sera cr\u00e9\u00e9 afin de d\u00e9terminer si votre navigateur accepte les cookies. Il ne contient pas de donn\u00e9es personnelles et sera supprim\u00e9 automatiquement \u00e0 la fermeture de votre navigateur.<\/p>\n\n\n\n<p>Lorsque vous vous connecterez, nous mettrons en place un certain nombre de cookies pour enregistrer vos informations de connexion et vos pr\u00e9f\u00e9rences d\u2019\u00e9cran. La dur\u00e9e de vie d\u2019un cookie de connexion est de deux jours, celle d\u2019un cookie d\u2019option d\u2019\u00e9cran est d\u2019un an. Si vous cochez \u00ab&nbsp;Se souvenir de moi&nbsp;\u00bb, votre cookie de connexion sera conserv\u00e9 pendant deux semaines. Si vous vous d\u00e9connectez de votre compte, le cookie de connexion sera effac\u00e9.<\/p>\n\n\n\n<p>En modifiant ou en publiant une publication, un cookie suppl\u00e9mentaire sera enregistr\u00e9 dans votre navigateur. Ce cookie ne comprend aucune donn\u00e9e personnelle. Il indique simplement l\u2019ID de la publication que vous venez de modifier. Il expire au bout d\u2019un jour.<\/p>\n\n\n\n<h2 class=\"wp-block-heading\">Contenu embarqu\u00e9 depuis d\u2019autres sites<\/h2>\n\n\n\n<p><strong class=\"privacy-policy-tutorial\">Texte sugg\u00e9r\u00e9&nbsp;: <\/strong>Les articles de ce site peuvent inclure des contenus int\u00e9gr\u00e9s (par exemple des vid\u00e9os, images, articles\u2026). Le contenu int\u00e9gr\u00e9 depuis d\u2019autres sites se comporte de la m\u00eame mani\u00e8re que si le visiteur se rendait sur cet autre site.<\/p>\n\n\n\n<p>Ces sites web pourraient collecter des donn\u00e9es sur vous, utiliser des cookies, embarquer des outils de suivis tiers, suivre vos interactions avec ces contenus embarqu\u00e9s si vous disposez d\u2019un compte connect\u00e9 sur leur site web.<\/p>\n\n\n\n<h2 class=\"wp-block-heading\">Utilisation et transmission de vos donn\u00e9es personnelles<\/h2>\n\n\n\n<p><strong class=\"privacy-policy-tutorial\">Texte sugg\u00e9r\u00e9&nbsp;: <\/strong>Si vous demandez une r\u00e9initialisation de votre mot de passe, votre adresse IP sera incluse dans l\u2019e-mail de r\u00e9initialisation.<\/p>\n\n\n\n<h2 class=\"wp-block-heading\">Dur\u00e9es de stockage de vos donn\u00e9es<\/h2>\n\n\n\n<p><strong class=\"privacy-policy-tutorial\">Texte sugg\u00e9r\u00e9&nbsp;: <\/strong>Si vous laissez un commentaire, le commentaire et ses m\u00e9tadonn\u00e9es sont conserv\u00e9s ind\u00e9finiment. Cela permet de reconna\u00eetre et approuver automatiquement les commentaires suivants au lieu de les laisser dans la file de mod\u00e9ration.<\/p>\n\n\n\n<p>Pour les comptes qui s\u2019inscrivent sur notre site (le cas \u00e9ch\u00e9ant), nous stockons \u00e9galement les donn\u00e9es personnelles indiqu\u00e9es dans leur profil. Tous les comptes peuvent voir, modifier ou supprimer leurs informations personnelles \u00e0 tout moment (\u00e0 l\u2019exception de leur identifiant). Les gestionnaires du site peuvent aussi voir et modifier ces informations.<\/p>\n\n\n\n<h2 class=\"wp-block-heading\">Les droits que vous avez sur vos donn\u00e9es<\/h2>\n\n\n\n<p><strong class=\"privacy-policy-tutorial\">Texte sugg\u00e9r\u00e9&nbsp;: <\/strong>Si vous avez un compte ou si vous avez laiss\u00e9 des commentaires sur le site, vous pouvez demander \u00e0 recevoir un fichier contenant toutes les donn\u00e9es personnelles que nous poss\u00e9dons \u00e0 votre sujet, incluant celles que vous nous avez fournies. Vous pouvez \u00e9galement demander la suppression des donn\u00e9es personnelles vous concernant. Cela ne prend pas en compte les donn\u00e9es stock\u00e9es \u00e0 des fins administratives, l\u00e9gales ou pour des raisons de s\u00e9curit\u00e9.<\/p>\n\n\n\n<h2 class=\"wp-block-heading\">O\u00f9 vos donn\u00e9es sont envoy\u00e9es<\/h2>\n\n\n\n<p><strong class=\"privacy-policy-tutorial\">Texte sugg\u00e9r\u00e9&nbsp;: <\/strong>Les commentaires des visiteurs peuvent \u00eatre v\u00e9rifi\u00e9s \u00e0 l\u2019aide d\u2019un service automatis\u00e9 de d\u00e9tection des commentaires ind\u00e9sirables.<\/p>\n\n\n\n<div class=\"wp-block-group is-style-default has-accent-text-color has-text-color has-link-color wp-elements-16bf4d6fecc6bdecfae1c7af9d743af6 is-layout-grid wp-container-core-group-is-layout-70593423 wp-block-group-is-layout-grid\" style=\"padding-right:var(--wp--preset--spacing--small);padding-left:var(--wp--preset--spacing--small)\">\n<div class=\"wp-block-group has-background has-global-padding is-layout-constrained wp-container-core-group-is-layout-abafbc0d wp-block-group-is-layout-constrained\" style=\"border-style:none;border-width:0px;border-radius:50px;background-color:#1d6622;padding-top:var(--wp--preset--spacing--small);padding-right:var(--wp--preset--spacing--small);padding-bottom:var(--wp--preset--spacing--small);padding-left:var(--wp--preset--spacing--small)\">\n<h2 class=\"wp-block-heading has-text-align-center has-accent-text-color has-text-color has-link-color has-lemon-milk-font-family has-large-font-size wp-elements-5901342c76ada4c64e36f91111c7853d\" style=\"padding-right:var(--wp--preset--spacing--small);padding-left:var(--wp--preset--spacing--small)\">PARTENAIRE (3 MILLIONS  FCFA)<\/h2>\n\n\n\n<p class=\"has-text-align-left has-source-sans-pro-font-family has-medium-font-size\">o Logo dans la liste des partenaires dans tous les supports de communication;<br>o Une page d&rsquo;information d\u00e9di\u00e9e sur l\u2019application mobile ;<br>o Pr\u00e9sence de votre logo sur tous les<br>pr\u00e9sentoirs de stand.<br>o Exposition de kakemono (1)<\/p>\n<\/div>\n\n\n\n<div class=\"wp-block-group has-background has-global-padding is-layout-constrained wp-container-core-group-is-layout-abafbc0d wp-block-group-is-layout-constrained\" style=\"border-radius:50px;background-color:#16607f;padding-top:var(--wp--preset--spacing--small);padding-right:var(--wp--preset--spacing--small);padding-bottom:var(--wp--preset--spacing--small);padding-left:var(--wp--preset--spacing--small)\">\n<h2 class=\"wp-block-heading has-text-align-center has-accent-text-color has-text-color has-link-color has-lemon-milk-font-family has-large-font-size wp-elements-ff6a5853396f980af551aba7410e89e3\">SPONSOR BRONZE (5 MILLIONS  FCFA)<\/h2>\n\n\n\n<p class=\"has-source-sans-pro-font-family has-medium-font-size\">o Logo dans la liste des partenaires<br>sur tous les supports;<br>o Une page d&rsquo;information d\u00e9di\u00e9e sur l\u2019application mobile ;<br>o 1 invitation ;<br>o Pr\u00e9sence de votre logo sur tous les<br>pr\u00e9sentoirs de stand ;<br>o Une participation en tant que<br>Mod\u00e9rateur\/Paneliste ;<br>o Logo visible au Hall d&rsquo;accueil de<br>l&rsquo;\u00e9v\u00e8nement.<br>o Exposition de Kakemono (1)<\/p>\n<\/div>\n\n\n\n<div class=\"wp-block-group has-transparent-background-color has-background has-global-padding is-layout-constrained wp-container-core-group-is-layout-abafbc0d wp-block-group-is-layout-constrained\" style=\"border-radius:50px;padding-top:var(--wp--preset--spacing--small);padding-right:var(--wp--preset--spacing--small);padding-bottom:var(--wp--preset--spacing--small);padding-left:var(--wp--preset--spacing--small)\">\n<h2 class=\"wp-block-heading has-text-align-center has-accent-text-color has-text-color has-link-color has-lemon-milk-font-family has-large-font-size wp-elements-262ffbef5b7ce30194f886f6dbee4094\">SPONSOR D&rsquo;ARGENT (10 MILLIONS FCFA)<\/h2>\n\n\n\n<p class=\"has-text-align-left has-source-sans-pro-font-family has-medium-font-size\">o Logo dans la liste des partenaires<br>sur tous les supports de communication;<br>o Une page d&rsquo;information d\u00e9di\u00e9e sur l\u2019application mobile ;<br>o 2 invitations ;<br>o Pr\u00e9sence de votre logo sur tous<br>les pr\u00e9sentoirs de stand ;<br>o Une participation en tant que<br>Mod\u00e9rateur\/Paneliste ;<br>o Logo visible au Hall d&rsquo;accueil de<br>l&rsquo;\u00e9v\u00e8nement.<br>o Exposition de 2 kakemono<\/p>\n<\/div>\n\n\n\n<div class=\"wp-block-group has-body-background-color has-background has-global-padding is-layout-constrained wp-container-core-group-is-layout-abafbc0d wp-block-group-is-layout-constrained\" style=\"border-radius:50px;padding-top:var(--wp--preset--spacing--small);padding-right:var(--wp--preset--spacing--small);padding-bottom:var(--wp--preset--spacing--small);padding-left:var(--wp--preset--spacing--small)\">\n<h2 class=\"wp-block-heading has-text-align-center has-accent-text-color has-text-color has-link-color has-lemon-milk-font-family has-large-font-size wp-elements-eb527d702335c24795ff8e7a939a7350\">SPONSOR D&rsquo;OR (15 <strong>MILLIONS <\/strong>FCFA)<\/h2>\n\n\n\n<p class=\"has-text-align-left has-source-sans-pro-font-family has-medium-font-size\">o Logo dans la liste des partenaires<br>sur tous les supports de communication;<br>o Une page d&rsquo;information d\u00e9di\u00e9e sur l\u2019application mobile ;<br>o 1 Stand d\u00e9di\u00e9<br>o 3 invitations ;<br>o Pr\u00e9sence de votre logo sur tous les pr\u00e9sentoirs de stand ;<br>o Une participation en tant<br>qu&rsquo;animateur d&rsquo;un atelier de travail \/ Paneliste ;<br>o Logo visible sur les badges et au Hall d&rsquo;accueil de l&rsquo;\u00e9v\u00e8nement.<br>o Exposition de 2 kakemono<\/p>\n<\/div>\n<\/div>\n\n\n\n<p><\/p>\n\n\n\n<div class=\"wp-block-group is-style-default has-accent-text-color has-text-color has-link-color wp-elements-5512e9e3f62ffaac1b9f0c656964b36b is-layout-grid wp-container-core-group-is-layout-70593423 wp-block-group-is-layout-grid\" style=\"padding-right:var(--wp--preset--spacing--small);padding-left:var(--wp--preset--spacing--small)\">\n<div class=\"wp-block-group has-inherit-background-color has-background has-global-padding is-layout-constrained wp-container-core-group-is-layout-abafbc0d wp-block-group-is-layout-constrained\" style=\"border-style:none;border-width:0px;border-radius:50px;padding-top:var(--wp--preset--spacing--small);padding-right:var(--wp--preset--spacing--small);padding-bottom:var(--wp--preset--spacing--small);padding-left:var(--wp--preset--spacing--small)\">\n<h2 class=\"wp-block-heading has-text-align-center has-accent-text-color has-text-color has-link-color has-lemon-milk-font-family has-large-font-size wp-elements-f047797f4b14d1889e88a6eb42f47f16\">Sponsoring du<br>Cocktail de cl\u00f4ture<br>10 millions FCFA<\/h2>\n\n\n\n<p class=\"has-text-align-left has-source-sans-pro-font-family has-medium-font-size\">o Logo dans la liste des partenaires sur tous les supports de communication ;<br>o Une page d&rsquo;information d\u00e9di\u00e9e sur<br>l\u2019application mobile ;<br>o 2 invitations ;<br>o Pr\u00e9sence de votre logo sur tous les<br>pr\u00e9sentoirs de stand ;<br>o Apparition sur la signal\u00e9tique d\u00e9di\u00e9e<br>o Une participation en tant qu&rsquo;animateur d&rsquo;un atelier de travail \/ Paneliste ;<br>o Logo visible au Hall d&rsquo;accueil<\/p>\n<\/div>\n\n\n\n<div class=\"wp-block-group has-outline-background-color has-background has-global-padding is-layout-constrained wp-container-core-group-is-layout-abafbc0d wp-block-group-is-layout-constrained\" style=\"border-radius:50px;padding-top:var(--wp--preset--spacing--small);padding-right:var(--wp--preset--spacing--small);padding-bottom:var(--wp--preset--spacing--small);padding-left:var(--wp--preset--spacing--small)\">\n<h2 class=\"wp-block-heading has-text-align-center has-accent-text-color has-text-color has-link-color has-lemon-milk-font-family has-large-font-size wp-elements-4584a7c71cea1f2ffad080d7eea577cc\">Sponsoring Pause-Caf\u00e9<br>10 millions FCFA<\/h2>\n\n\n\n<p class=\"has-source-sans-pro-font-family has-medium-font-size\">o Logo dans la liste des partenaires sur tous les supports de communication ;<br>o Une page d&rsquo;information d\u00e9di\u00e9e sur<br>l\u2019application mobile ;<br>o 2 invitations ;<br>o Pr\u00e9sence de votre logo sur tous les<br>pr\u00e9sentoirs de stand ;<br>o Apparition sur la signal\u00e9tique d\u00e9di\u00e9e<br>o Une participation en tant qu&rsquo;animateur d&rsquo;un atelier de travail \/ Paneliste ;<br>o Logo visible au Hall d&rsquo;accueil<\/p>\n<\/div>\n\n\n\n<div class=\"wp-block-group has-inherit-background-color has-background has-global-padding is-layout-constrained wp-container-core-group-is-layout-abafbc0d wp-block-group-is-layout-constrained\" style=\"border-radius:50px;padding-top:var(--wp--preset--spacing--small);padding-right:var(--wp--preset--spacing--small);padding-bottom:var(--wp--preset--spacing--small);padding-left:var(--wp--preset--spacing--small)\">\n<h2 class=\"wp-block-heading has-text-align-center has-accent-text-color has-text-color has-link-color has-lemon-milk-font-family has-large-font-size wp-elements-80165573a8228d46e287d6545eff880b\">Sponsoring<br>Premier d\u00e9jeuner<br>12 millions FCFA<\/h2>\n\n\n\n<p class=\"has-text-align-left has-source-sans-pro-font-family has-medium-font-size\">o Logo dans la liste des partenaires<br>sur tous les supports de communication;<br>o Une page d&rsquo;information d\u00e9di\u00e9e sur<br>l\u2019application mobile ;<br>o 3 invitations ;<br>o Pr\u00e9sence de votre logo sur tous les pr\u00e9sentoirs de stand ;<br>o Apparition sur la signal\u00e9tique d\u00e9di\u00e9e ;<br>o Une participation en tant<br>qu&rsquo;animateur d&rsquo;un atelier de travail \/ Paneliste ;<br>o Logo visible au Hall d&rsquo;accueil<\/p>\n<\/div>\n\n\n\n<div class=\"wp-block-group has-outline-background-color has-background has-global-padding is-layout-constrained wp-container-core-group-is-layout-abafbc0d wp-block-group-is-layout-constrained\" style=\"border-radius:50px;padding-top:var(--wp--preset--spacing--small);padding-right:var(--wp--preset--spacing--small);padding-bottom:var(--wp--preset--spacing--small);padding-left:var(--wp--preset--spacing--small)\">\n<h2 class=\"wp-block-heading has-text-align-center has-accent-text-color has-text-color has-link-color has-lemon-milk-font-family has-large-font-size wp-elements-6d64e0674b70a096f5cf62c5cd7d1086\">Sponsoring<br>Deuxi\u00e8me d\u00e9jeuner<br>12 millions FCFA<\/h2>\n\n\n\n<p class=\"has-text-align-left has-source-sans-pro-font-family has-medium-font-size\">o Logo dans la liste des partenaires<br>sur tous les supports de communication;<br>o Une page d&rsquo;information d\u00e9di\u00e9e sur<br>l\u2019application mobile ;<br>o 3 invitations ;<br>o Pr\u00e9sence de votre logo sur tous les pr\u00e9sentoirs de stand ;<br>o Apparition sur la signal\u00e9tique d\u00e9di\u00e9e ;<br>o Une participation en tant<br>qu&rsquo;animateur d&rsquo;un atelier de travail \/ Paneliste ;<br>o Logo visible au Hall d&rsquo;accueil<\/p>\n<\/div>\n<\/div>\n\n\n\n<div class=\"wp-block-group is-style-default has-accent-text-color has-text-color has-link-color wp-elements-1d757d7ae0e7a3ed670c00c9dcf868ec is-layout-grid wp-container-core-group-is-layout-70593423 wp-block-group-is-layout-grid\" style=\"padding-right:var(--wp--preset--spacing--small);padding-left:var(--wp--preset--spacing--small)\">\n<div class=\"wp-block-group has-outline-background-color has-background has-global-padding is-layout-constrained wp-container-core-group-is-layout-abafbc0d wp-block-group-is-layout-constrained\" style=\"border-style:none;border-width:0px;border-radius:50px;padding-top:var(--wp--preset--spacing--small);padding-right:var(--wp--preset--spacing--small);padding-bottom:var(--wp--preset--spacing--small);padding-left:var(--wp--preset--spacing--small)\">\n<h2 class=\"wp-block-heading has-text-align-center has-accent-text-color has-text-color has-link-color has-lemon-milk-font-family has-large-font-size wp-elements-20e4def1f9ff335cc7c1a944d7f08a7a\">CO H\u00d4TE (25 MILLIONS FCFA)<\/h2>\n\n\n\n<p class=\"has-text-align-left has-source-sans-pro-font-family has-medium-font-size\">o Logo dans la liste des partenaires et<br>sponsors sur la banni\u00e8re du site<br>internet de l&rsquo;\u00e9v\u00e8nement et sur les<br>supports de communication;<br>o Logo figurant sur la page d&rsquo;accueil<br>d&rsquo;information d\u00e9di\u00e9e sur l\u2019application<br>mobile;<br>o 5 invitations \u00e0 l&rsquo;\u00e9v\u00e9nement et au diner<br>gala;<br>o 1 Espace d\u00e9di\u00e9 + Branding offert;<br>o Pr\u00e9sence de votre logo sur tous les<br>pr\u00e9sentoirs de stand;<br>o Co Sponsoring du D\u00eener Gala;<br>o Une participation en tant qu&rsquo;animateur<br>d&rsquo;un atelier de travail \/ Paneliste;<br>o Logo visible sur les badges et au Hall<br>d&rsquo;accueil de l&rsquo;\u00e9v\u00e9nement.<\/p>\n<\/div>\n\n\n\n<div class=\"wp-block-group has-body-background-color has-background has-global-padding is-layout-constrained wp-container-core-group-is-layout-abafbc0d wp-block-group-is-layout-constrained\" style=\"border-radius:50px;padding-top:var(--wp--preset--spacing--small);padding-right:var(--wp--preset--spacing--small);padding-bottom:var(--wp--preset--spacing--small);padding-left:var(--wp--preset--spacing--small)\">\n<h2 class=\"wp-block-heading has-text-align-center has-accent-text-color has-text-color has-link-color has-lemon-milk-font-family has-large-font-size wp-elements-15faa727edf8eb1a292f6ec32a3899a9\">SPONSOR DIAMANT  (20 MILLIONS FCFA)<\/h2>\n\n\n\n<p class=\"has-source-sans-pro-font-family has-medium-font-size\">o Logo dans la liste des partenaires ;<br>o Une page d&rsquo;information d\u00e9di\u00e9e sur<br>l\u2019application mobile ;<br>o 4 invitations ;<br>o 1 Espace d\u00e9di\u00e9 + Branding offert;<br>o Pr\u00e9sence de votre logo sur tous les pr\u00e9sentoirs de stand ;<br>o Co Sponsoring du Cocktail-Vernissage d\u2019Ouverture ;<br>o Une participation en tant qu&rsquo;animateur d&rsquo;un atelier de travail \/ Paneliste ;<br>o Logo visible sur les badges et au Hall d&rsquo;accueil de l&rsquo;\u00e9v\u00e8nement.<\/p>\n<\/div>\n\n\n\n<div class=\"wp-block-group has-outline-background-color has-background has-global-padding is-layout-constrained wp-container-core-group-is-layout-abafbc0d wp-block-group-is-layout-constrained\" style=\"border-radius:50px;padding-top:var(--wp--preset--spacing--small);padding-right:var(--wp--preset--spacing--small);padding-bottom:var(--wp--preset--spacing--small);padding-left:var(--wp--preset--spacing--small)\">\n<h2 class=\"wp-block-heading has-text-align-center has-accent-text-color has-text-color has-link-color has-lemon-milk-font-family has-large-font-size wp-elements-d2286545d43c9d860fef9723381a0f52\">SPONSOR PLATINUM (18 MILLIONS FCFA)<\/h2>\n\n\n\n<p class=\"has-text-align-left has-source-sans-pro-font-family has-medium-font-size\">o Logo dans la liste des partenaires sur<br>tous les supports de communication ;<br>o Une page d&rsquo;information d\u00e9di\u00e9e sur<br>l\u2019application mobile ;<br>o 4 invitations ;<br>o 1 Espace d\u00e9di\u00e9 + Branding offert;<br>o Pr\u00e9sence de votre logo sur tous les<br>pr\u00e9sentoirs de stand ;<br>o Une participation en tant qu&rsquo;animateur<br>d&rsquo;un atelier de travail \/ Paneliste ;<br>o Logo visible sur les badges et au Hall<br>d&rsquo;accueil de l&rsquo;\u00e9v\u00e8nement.<\/p>\n<\/div>\n<\/div>","protected":false},"excerpt":{"rendered":"<p>Qui sommes-nous&nbsp;? Texte sugg\u00e9r\u00e9&nbsp;: L\u2019adresse de notre site est&nbsp;: https:\/\/foruminterafriquefamilybusiness-fiagef.com. Commentaires Texte sugg\u00e9r\u00e9&nbsp;: Quand vous laissez un commentaire sur notre site, les donn\u00e9es inscrites dans le formulaire de commentaire, ainsi que votre adresse IP et l\u2019agent utilisateur de votre navigateur sont collect\u00e9s pour nous aider \u00e0 la d\u00e9tection des commentaires ind\u00e9sirables. Une cha\u00eene anonymis\u00e9e cr\u00e9\u00e9e [&hellip;]<\/p>\n","protected":false},"author":1,"featured_media":0,"parent":0,"menu_order":0,"comment_status":"closed","ping_status":"open","template":"","meta":{"footnotes":""},"class_list":["post-3","page","type-page","status-publish","hentry"],"featured_image_src":null,"jetpack_sharing_enabled":true,"_links":{"self":[{"href":"https:\/\/foruminterafriquefamilybusiness-fiagef.com\/en\/wp-json\/wp\/v2\/pages\/3","targetHints":{"allow":["GET"]}}],"collection":[{"href":"https:\/\/foruminterafriquefamilybusiness-fiagef.com\/en\/wp-json\/wp\/v2\/pages"}],"about":[{"href":"https:\/\/foruminterafriquefamilybusiness-fiagef.com\/en\/wp-json\/wp\/v2\/types\/page"}],"author":[{"embeddable":true,"href":"https:\/\/foruminterafriquefamilybusiness-fiagef.com\/en\/wp-json\/wp\/v2\/users\/1"}],"replies":[{"embeddable":true,"href":"https:\/\/foruminterafriquefamilybusiness-fiagef.com\/en\/wp-json\/wp\/v2\/comments?post=3"}],"version-history":[{"count":2,"href":"https:\/\/foruminterafriquefamilybusiness-fiagef.com\/en\/wp-json\/wp\/v2\/pages\/3\/revisions"}],"predecessor-version":[{"id":1033,"href":"https:\/\/foruminterafriquefamilybusiness-fiagef.com\/en\/wp-json\/wp\/v2\/pages\/3\/revisions\/1033"}],"wp:attachment":[{"href":"https:\/\/foruminterafriquefamilybusiness-fiagef.com\/en\/wp-json\/wp\/v2\/media?parent=3"}],"curies":[{"name":"wp","href":"https:\/\/api.w.org\/{rel}","templated":true}]}}